{"id":379,"date":"2025-12-22T22:20:27","date_gmt":"2025-12-22T21:20:27","guid":{"rendered":"https:\/\/inzichtinbeweging.nl\/?post_type=product&#038;p=379"},"modified":"2026-04-15T10:29:19","modified_gmt":"2026-04-15T09:29:19","slug":"creatiestroom-intensive","status":"publish","type":"product","link":"https:\/\/inzichtinbeweging.nl\/index.php\/product\/creatiestroom-intensive\/","title":{"rendered":"Creatiestroom Intensive"},"content":{"rendered":"<p><strong>Creatiestroom Intensive<\/strong><br \/>\n<em><em>Ontdek waar jouw creatiestroom n\u00fa aandacht nodig heeft en wat er nodig is om jouw inspiratie, dromen en idee\u00ebn waar te maken.<\/em><\/em><\/p>\n<p>&nbsp;<\/p>\n","protected":false},"excerpt":{"rendered":"<p><img loading=\"lazy\" decoding=\"async\" class=\"alignnone size-full wp-image-400\" src=\"https:\/\/inzichtinbeweging.nl\/wp-content\/uploads\/2025\/12\/Creatiestroom-intensive-1.jpg\" alt=\"\" width=\"1410\" height=\"2250\" \/><\/p>\n<p>De Creatiestroom Intensive laat je zien w\u00e1\u00e1r jij in jouw creatieproces vastloopt en h\u00f3\u00e9 je dit kunt herstellen.<br \/>\nMet de uitslag van de uitgebreide vragenlijst ontvang je een op maat gemaakt stappenplan om precies daar waar jij nu vastloopt weer in beweging te komen. Zodat jij meteen verder kunt met het vormgeven van jouw inspiratie en het waarmaken van jouw dromen.<\/p>\n<p>\u20ac16,49 excl BTW<\/p>\n","protected":false},"featured_media":400,"comment_status":"open","ping_status":"closed","template":"","meta":[],"product_brand":[],"product_cat":[23],"product_tag":[24],"class_list":{"0":"post-379","1":"product","2":"type-product","3":"status-publish","4":"has-post-thumbnail","6":"product_cat-geen-categorie","7":"product_tag-creatiestroom-intensive","9":"first","10":"instock","11":"virtual","12":"taxable","13":"purchasable","14":"product-type-simple"},"jetpack_sharing_enabled":true,"_links":{"self":[{"href":"https:\/\/inzichtinbeweging.nl\/index.php\/wp-json\/wp\/v2\/product\/379","targetHints":{"allow":["GET"]}}],"collection":[{"href":"https:\/\/inzichtinbeweging.nl\/index.php\/wp-json\/wp\/v2\/product"}],"about":[{"href":"https:\/\/inzichtinbeweging.nl\/index.php\/wp-json\/wp\/v2\/types\/product"}],"replies":[{"embeddable":true,"href":"https:\/\/inzichtinbeweging.nl\/index.php\/wp-json\/wp\/v2\/comments?post=379"}],"wp:featuredmedia":[{"embeddable":true,"href":"https:\/\/inzichtinbeweging.nl\/index.php\/wp-json\/wp\/v2\/media\/400"}],"wp:attachment":[{"href":"https:\/\/inzichtinbeweging.nl\/index.php\/wp-json\/wp\/v2\/media?parent=379"}],"wp:term":[{"taxonomy":"product_brand","embeddable":true,"href":"https:\/\/inzichtinbeweging.nl\/index.php\/wp-json\/wp\/v2\/product_brand?post=379"},{"taxonomy":"product_cat","embeddable":true,"href":"https:\/\/inzichtinbeweging.nl\/index.php\/wp-json\/wp\/v2\/product_cat?post=379"},{"taxonomy":"product_tag","embeddable":true,"href":"https:\/\/inzichtinbeweging.nl\/index.php\/wp-json\/wp\/v2\/product_tag?post=379"}],"curies":[{"name":"wp","href":"https:\/\/api.w.org\/{rel}","templated":true}]}}