{"id":44,"date":"2024-09-11T14:44:53","date_gmt":"2024-09-11T14:44:53","guid":{"rendered":"https:\/\/www.deepesthealing.com\/?page_id=44"},"modified":"2024-09-11T14:44:53","modified_gmt":"2024-09-11T14:44:53","slug":"behandelovereenkomst","status":"publish","type":"page","link":"https:\/\/inzichtinbeweging.nl\/index.php\/sample-page\/over-maaike\/behandelovereenkomst\/","title":{"rendered":"Behandelovereenkomst"},"content":{"rendered":"\n<h2 class=\"wp-block-heading\"><\/h2>\n\n\n\n<p><strong>BEHANDELOVEREENKOMST VOLWASSENEN<\/strong><\/p>\n\n\n\n<p>VOOR TOEPASSING VAN LICHAAMSGERICHTE PSYCHOTHERAPIE EN NATUURGENEESKUNDE<\/p>\n\n\n\n<p>IN HET KADER VAN DE WET GENEESKUNDIGE BEHANDELINGSOVEREENKOMST (WGBO)<\/p>\n\n\n\n<p>Inzicht in Beweging<\/p>\n\n\n\n<p>Dr Struijckenstraat 165<\/p>\n\n\n\n<p>4812BC Breda<\/p>\n\n\n\n<p>06-41674911<\/p>\n\n\n\n<p><a href=\"https:\/\/www.inzichtinbeweging.nl\/\">www.inzichtinbeweging.nl<\/a><\/p>\n\n\n\n<p><a href=\"mailto:info@inzichtinbeweging.nl\">info@inzichtinbeweging.nl<\/a><\/p>\n\n\n\n<p>Naam therapeut: Maaike Remmerswaal, lidcode VBAG&nbsp;22301004.&nbsp;Persoonlijk AGB-code&nbsp;90112515<\/p>\n\n\n\n<p>Praktijk AGB-code 90071158.&nbsp;RBCZ registratienr. 220232R.<\/p>\n\n\n\n<p><em>Dit formulier dient vooraf aan de behandeling na invulling door zowel de cli\u00ebnt als de therapeut aan de achterzijde te worden ondertekend. Een exemplaar is voor de cli\u00ebnt. De therapeut dient een exemplaar in het dossier van zijn cli\u00ebnt op te bergen.<\/em><\/p>\n\n\n\n<p>Op 1 april 1995 is de wet WGBO in werking getreden. Deze wet versterkt de positie van de cli\u00ebnt ten opzichte van artsen, verloskundigen, paramedici en andere hulpverleners. In de wet WGBO is onder meer geregeld: recht op informatie, toestemmingsvereiste voor de behandeling, de plicht om een cli\u00ebntendossier aan te leggen, recht op inzage in dit dossier, geheimhouding van cli\u00ebntengegevens.<\/p>\n\n\n\n<p>Alle therapeuten, aangesloten bij de beroepsvereniging VBAG, zijn gehouden aan de richtlijnen van de Beroepscode. Mocht u onverhoopt klachten hebben, kunt u zich voor het klachtrecht wenden tot de beroepsvereniging . (<a href=\"http:\/\/www.vbag.nl\/\">www.vbag.nl<\/a>), en voor het tuchtrecht van RBCZ, stichting TCZ Tuchtrecht Beroepsbeoefenaren Complementaire Zorg (<a href=\"http:\/\/www.tcz.nu)\/\">www.tcz.nu)<\/a>.<\/p>\n\n\n\n<p>Als de therapeut &#8211; binnen het kader van een andere therapie, waarin hij\/zij geschoold is &#8211; het nodig of nuttig acht &#8211; van de regelgeving in het Reglement \u2018Handelingen van de VBAG therapeut\u2019 af te wijken, dient hij\/zij dit te doen in overleg met de cli\u00ebnt, in een andere setting, in een andere context en buiten deze behandelovereenkomst voor lichaamsgerichte psychotherapie.<\/p>\n\n\n\n<p>\u2022&nbsp; De cli\u00ebnt stelt het&nbsp;<strong>wel 0 \/ niet 0<\/strong>&nbsp;op prijs dat informatie vooraf bij de huisarts, specialist of collega- &nbsp; therapeut wordt ingewonnen.&nbsp; Anders, namelijk: &#8230;&#8230;&#8230;&#8230;&#8230;&#8230;&#8230;&#8230;&#8230;&#8230;&#8230;&#8230;&#8230;&#8230;&#8230;&#8230;&#8230;&#8230;&#8230;&#8230;&#8230;&#8230;&#8230;&#8230;&#8230;&#8230;&#8230;&#8230;&#8230;&#8230;&#8230;&#8230;&#8230;&#8230;&#8230;&#8230;&#8230;&#8230;&#8230;&#8230;<\/p>\n\n\n\n<p>\u2022&nbsp; De cli\u00ebnt stelt het&nbsp;<strong>wel 0 niet 0<\/strong>&nbsp;op prijs dat gedurende de behandeling of achteraf verslag&nbsp; wordt gedaan aan de huisarts en \/ of collega-verwijzer.&nbsp; &nbsp; &nbsp; Anders, namelijk: &#8230;&#8230;&#8230;&#8230;&#8230;&#8230;&#8230;&#8230;&#8230;&#8230;&#8230;&#8230;&#8230;&#8230;&#8230;&#8230;&#8230;&#8230;&#8230;&#8230;&#8230;&#8230;&#8230;&#8230;&#8230;&#8230;&#8230;&#8230;&#8230;&#8230;&#8230;&#8230;&#8230;&#8230;&#8230;&#8230;&#8230;&#8230;&#8230;..<\/p>\n\n\n\n<p>&nbsp; &nbsp; &nbsp;Naam en adres huisarts:&#8230;&#8230;&#8230;&#8230;&#8230;&#8230;&#8230;&#8230;&#8230;&#8230;&#8230;&#8230;&#8230;&#8230;&#8230;&#8230;&#8230;&#8230;&#8230;&#8230;&#8230;&#8230;&#8230;&#8230;&#8230;&#8230;&#8230;&#8230;&#8230;&#8230;&#8230;&#8230;&#8230;&#8230;&#8230;&#8230;.<\/p>\n\n\n\n<p>&nbsp; &nbsp; &nbsp; Telefoon huisarts: &#8230;&#8230;&#8230;&#8230;&#8230;&#8230;&#8230;&#8230;&#8230;&#8230;&#8230;&#8230;&#8230;&#8230;&#8230;&#8230;&#8230;&#8230;&#8230;&#8230;&#8230;&#8230;&#8230;&#8230;&#8230;&#8230;&#8230;&#8230;&#8230;&#8230;&#8230;&#8230;&#8230;&#8230;&#8230;&#8230;&#8230;&#8230;&#8230;&#8230;<\/p>\n\n\n\n<p>~ De cli\u00ebnt gaat akkoord met de tariefstelling&nbsp;<strong>van \u20ac 85,&#8211; (euro)<\/strong>&nbsp;voor het eerste consult. Na afloop wordt er via de mail een factuur gestuurd die kan worden betaald via overschrijving.<\/p>\n\n\n\n<p><strong>Afzeggen van de afspraak dient minstens 2 werkdagen van te voren geschieden. Indien dit niet&nbsp;<\/strong><strong>gebeurt, wordt de sessie gedeeltelijk in rekening gebracht.<\/strong>&nbsp;<\/p>\n\n\n\n<p>~ Heeft u er bezwaar tegen dat uw e-mailadres voor het cli\u00ebnttevredenheidonderzoek wordt doorgegeven aan de beroepsvereniging waarbij de therapeut is aangesloten?&nbsp;<strong>Ja 0 Nee 0<\/strong><\/p>\n\n\n\n<p>U weet dat u dan na afloop van de therapie een e-mail krijgt met de vraag of u de online-vragenlijst wilt invullen. Dit is volstrekt anoniem en het adres wordt alleen gebruikt voor het onderzoek.<\/p>\n\n\n\n<p>Alle eventuele, nadelige gevolgen voortvloeiende uit het achterhouden van informatie aanwezig in het medisch dossier bij de huisarts, zijn voor verantwoordelijkheid en rekening van de cli\u00ebnt.<\/p>\n\n\n\n<p>Datum: &#8230;&#8230;&#8230;&#8230;&#8230;&#8230;&#8230;&#8230;&#8230;&#8230;&#8230;&#8230;&#8230;&#8230;&#8230;&#8230;&#8230;&#8230;&#8230;&#8230;&#8230;&#8230;&#8230; Plaats:&#8230;&#8230;&#8230;&#8230;&#8230;&#8230;&#8230;&#8230;&#8230;&#8230;&#8230;&#8230;&#8230;&#8230;&#8230;&#8230;&#8230;&#8230;&#8230;&#8230;<\/p>\n\n\n\n<p>Handtekening therapeut &nbsp; &nbsp; &nbsp; &nbsp; &nbsp; &nbsp; &nbsp; &nbsp; &nbsp; &nbsp; &nbsp; &nbsp; &nbsp; &nbsp; &nbsp; &nbsp; &nbsp; &nbsp; &nbsp; &nbsp; &nbsp; &nbsp; &nbsp; &nbsp; &nbsp; &nbsp; &nbsp; &nbsp; &nbsp; Handtekening cli\u00ebnt<\/p>\n\n\n\n<p><strong>&nbsp;<\/strong>BEHANDELOVEREENKOMST&nbsp; KIND<\/p>\n\n\n\n<p>Inzicht in Beweging<\/p>\n\n\n\n<p>Dr Struijckenstraat 165<\/p>\n\n\n\n<p>4812BC Breda<\/p>\n\n\n\n<p>06-41674911<\/p>\n\n\n\n<p><a href=\"https:\/\/www.inzichtinbeweging.nl\/\">www.inzichtinbeweging.nl<\/a><\/p>\n\n\n\n<p><a href=\"mailto:info@inzichtinbeweging.nl\">info@inzichtinbeweging.nl<\/a><\/p>\n\n\n\n<p>VOOR TOEPASSING VAN KINDER- EN JEUGDTHERAPIE<\/p>\n\n\n\n<p>IN HET KADER VAN DE WET OP DE GENEESKUNDIGE BEHANDELINGSOVEREENKOMST (WGBO)<\/p>\n\n\n\n<p>Dit formulier dient vooraf aan de behandeling na invulling door zowel de ouder(s) van het kind als de therapeut te worden ondertekend. Een exemplaar is voor de ouder(s). De therapeut dient een&nbsp;exemplaar in het dossier van zijn cli\u00ebnt op te bergen.<\/p>\n\n\n\n<p>Op 1 april 1995 is de wet WGBO in werking getreden. Deze wet versterkt de positie van de cli\u00ebnt ten opzichte van artsen, verloskundigen, paramedici en andere hulpverleners. In de wet WGBO is onder meer geregeld: recht op informatie, toestemmingsvereiste voor de behandeling, de plicht om een cli\u00ebntendossier aan te leggen, recht op inzage in dit dossier, geheimhouding van cli\u00ebntengegevens.<\/p>\n\n\n\n<p>Alle kindertherapeuten, aangesloten bij de VBAG, zijn gehouden aan de richtlijnen van de Beroepscode en Meldcode van de kindertherapeut. Zij vallen onder het Klachtrecht van de VBAG, de geschilleninstantie Quasir en het Tuchtrecht van TCZ.<\/p>\n\n\n\n<p>De therapeut wordt betaald door de ouders, maar werkt in dienst van het belang van het kind en volgens de rechten van het kind. Dit houdt in dat inhoudelijke informatie vanuit de therapie alleen naar voren wordt gebracht na toestemming van het kind. Het kind is de cli\u00ebnt. Een kind-sessie duurt ca. 45 minuten. Oudergesprekken waarin afstemming plaatsvindt met de ouders, maken deel uit van de behandeling.<\/p>\n\n\n\n<p>In het geval van intervisie en collegiaal overleg kan zonder toestemming, maar zonder naam en toenaam, de cli\u00ebnt worden besproken.<\/p>\n\n\n\n<p>Naam kind:<\/p>\n\n\n\n<p>Naam : \u2026\u2026\u2026\u2026\u2026\u2026\u2026\u2026\u2026\u2026\u2026\u2026\u2026\u2026\u2026\u2026\u2026\u2026 jongen \u043e meisje \u043e **<\/p>\n\n\n\n<p>Adres : \u2026\u2026\u2026\u2026\u2026\u2026\u2026\u2026\u2026\u2026\u2026\u2026\u2026\u2026\u2026\u2026\u2026\u2026\u2026\u2026\u2026\u2026\u2026\u2026\u2026\u2026\u2026\u2026\u2026\u2026\u2026\u2026\u2026\u2026.<\/p>\n\n\n\n<p>Postcode en plaats : \u2026\u2026\u2026\u2026\u2026\u2026\u2026\u2026\u2026\u2026\u2026\u2026\u2026\u2026\u2026\u2026\u2026\u2026<\/p>\n\n\n\n<p>Geboortedatum : \u2026\u2026\u2026\u2026\u2026\u2026\u2026\u2026\u2026\u2026\u2026\u2026\u2026\u2026\u2026\u2026\u2026\u2026<\/p>\n\n\n\n<p>Zorgverzekeraar : \u2026\u2026\u2026\u2026\u2026\u2026\u2026\u2026\u2026\u2026\u2026\u2026 Polisnr: \u2026\u2026\u2026\u2026\u2026\u2026\u2026\u2026\u2026\u2026\u2026\u2026\u2026.\u2026\u2026<\/p>\n\n\n\n<p>* de term ouder omvat ook de niet-biologische ouder van het kind, indien u als verzorger (tijdelijk) de ouderlijke macht heeft.<\/p>\n\n\n\n<p>** kruis het vakje aan dat van toepassing is<\/p>\n\n\n\n<p>1. U bent als ouder(s) bekend met de werkwijze van de Kindertherapeut en geeft toestemming voor<\/p>\n\n\n\n<p>het verlenen van therapie aan uw zoon\/ dochter.&nbsp;<strong>Ja \u043e Nee \u043e<\/strong><\/p>\n\n\n\n<p>2. U verstrekt als ouder(s) aan de therapeut alle voor de behandeling van belang zijnde informatie,<\/p>\n\n\n\n<p>zoals aanwezig in het medisch dossier van huisarts\/ specialist of andere behandelaars van het<\/p>\n\n\n\n<p>aangemelde kind.&nbsp;<strong>Ja \u043e Nee \u043e&nbsp;<\/strong><\/p>\n\n\n\n<p>3. U gaat als ouder(s) akkoord met de tariefstelling van \u20ac 85,00 voor het eerste consult met&nbsp;intakegesprek en met het bedrag van \u20ac 85,- per kindsessie hierop volgend, evenals het oudergesprek. Te voldoen per factuur.<\/p>\n\n\n\n<p><strong>Afzeggen van de afspraak dient minstens 2 werkdagen van tevoren geschieden.&nbsp;<\/strong><\/p>\n\n\n\n<p><strong>Indien dit niet gebeurt, wordt de sessie gedeeltelijk in rekening gebracht. Ja \u043e Nee \u043e<\/strong><\/p>\n\n\n\n<p>4. Indien van toepassing. Heeft u er bezwaar tegen dat uw e-mailadres voor het&nbsp;cli\u00ebnttevredenheidonderzoek wordt doorgegeven aan de beroepsvereniging waarbij de therapeut is&nbsp;aangesloten?&nbsp;<strong>Ja \u043e Nee \u043e<\/strong><\/p>\n\n\n\n<p>5. De therapeut is gehouden aan de wettelijke regel dat voor kinderen onder de 16 jaar beide ouders (indien zij beiden het ouderlijk gezag hebben) akkoord moeten gaan met de therapie. In het geval van ondertekening door \u00e9\u00e9n van de gezaghebbende ouders, draagt deze er zorg voor dat de andere gezaghebbende ouder wordt ge\u00efnformeerd over de therapie en hier zijn\/ haar toestemming voor geeft door ondertekening van de behandelovereenkomst. Hij\/ zij gaat ermee akkoord dat, indien de andere ouder op enige wijze bezwaren maakt tegen de therapie of anderszins, hij\/ zij de consequenties daarvan op zich neemt. De therapeut kan hier niet verantwoordelijk voor worden gehouden.<\/p>\n\n\n\n<p>Handtekening:<\/p>\n\n\n\n<p>Ouder\/voogd. &nbsp; &nbsp; &nbsp; &nbsp; &nbsp; &nbsp; &nbsp; &nbsp; &nbsp; &nbsp; &nbsp; &nbsp; &nbsp; &nbsp; &nbsp; &nbsp; &nbsp; &nbsp; &nbsp; &nbsp; &nbsp; &nbsp; &nbsp; &nbsp; &nbsp; &nbsp; &nbsp; &nbsp; &nbsp; &nbsp; &nbsp; &nbsp; Ouder\/ voogd<\/p>\n","protected":false},"excerpt":{"rendered":"<p>BEHANDELOVEREENKOMST VOLWASSENEN VOOR TOEPASSING VAN LICHAAMSGERICHTE PSYCHOTHERAPIE EN NATUURGENEESKUNDE IN HET KADER VAN DE WET GENEESKUNDIGE BEHANDELINGSOVEREENKOMST (WGBO) Inzicht in Beweging Dr Struijckenstraat 165 4812BC Breda 06-41674911 www.inzichtinbeweging.nl info@inzichtinbeweging.nl Naam therapeut: Maaike Remmerswaal, lidcode VBAG&nbsp;22301004.&nbsp;Persoonlijk AGB-code&nbsp;90112515 Praktijk AGB-code 90071158.&nbsp;RBCZ registratienr. 220232R. Dit formulier dient vooraf aan de behandeling na invulling door zowel de cli\u00ebnt als [&hellip;]<\/p>\n","protected":false},"author":1,"featured_media":0,"parent":16,"menu_order":0,"comment_status":"closed","ping_status":"closed","template":"","meta":{"footnotes":""},"class_list":["post-44","page","type-page","status-publish","hentry"],"jetpack_sharing_enabled":true,"_links":{"self":[{"href":"https:\/\/inzichtinbeweging.nl\/index.php\/wp-json\/wp\/v2\/pages\/44","targetHints":{"allow":["GET"]}}],"collection":[{"href":"https:\/\/inzichtinbeweging.nl\/index.php\/wp-json\/wp\/v2\/pages"}],"about":[{"href":"https:\/\/inzichtinbeweging.nl\/index.php\/wp-json\/wp\/v2\/types\/page"}],"author":[{"embeddable":true,"href":"https:\/\/inzichtinbeweging.nl\/index.php\/wp-json\/wp\/v2\/users\/1"}],"replies":[{"embeddable":true,"href":"https:\/\/inzichtinbeweging.nl\/index.php\/wp-json\/wp\/v2\/comments?post=44"}],"version-history":[{"count":1,"href":"https:\/\/inzichtinbeweging.nl\/index.php\/wp-json\/wp\/v2\/pages\/44\/revisions"}],"predecessor-version":[{"id":45,"href":"https:\/\/inzichtinbeweging.nl\/index.php\/wp-json\/wp\/v2\/pages\/44\/revisions\/45"}],"up":[{"embeddable":true,"href":"https:\/\/inzichtinbeweging.nl\/index.php\/wp-json\/wp\/v2\/pages\/16"}],"wp:attachment":[{"href":"https:\/\/inzichtinbeweging.nl\/index.php\/wp-json\/wp\/v2\/media?parent=44"}],"curies":[{"name":"wp","href":"https:\/\/api.w.org\/{rel}","templated":true}]}}