{"id":416,"date":"2026-03-19T17:27:23","date_gmt":"2026-03-19T16:27:23","guid":{"rendered":"https:\/\/inzichtinbeweging.nl\/?page_id=416"},"modified":"2026-04-11T10:45:33","modified_gmt":"2026-04-11T09:45:33","slug":"creatiestroom-intensive-landingspagina","status":"publish","type":"page","link":"https:\/\/inzichtinbeweging.nl\/index.php\/creatiestroom-intensive-landingspagina\/","title":{"rendered":"Creatiestroom Intensive"},"content":{"rendered":"\n<div class=\"wp-block-group alignfull has-accent-background-color has-background has-global-padding is-layout-constrained wp-container-core-group-is-layout-669513ed wp-block-group-is-layout-constrained\" style=\"margin-top:0;margin-bottom:0;padding-top:var(--wp--preset--spacing--50);padding-right:var(--wp--preset--spacing--50);padding-bottom:var(--wp--preset--spacing--50);padding-left:var(--wp--preset--spacing--50)\">\n<div class=\"wp-block-columns alignwide is-layout-flex wp-container-core-columns-is-layout-1da03c2a wp-block-columns-is-layout-flex\">\n<div class=\"wp-block-column is-vertically-aligned-stretch is-layout-flow wp-block-column-is-layout-flow\" style=\"flex-basis:50%\">\n<div class=\"wp-block-group is-vertical is-content-justification-stretch is-layout-flex wp-container-core-group-is-layout-444d5ee8 wp-block-group-is-layout-flex\" style=\"min-height:100%\">\n<h4 class=\"wp-block-heading\">Voel je de roep?<\/h4>\n\n\n\n<p>Iets dat jouw aandacht vraagt.<br>Een idee, een droom, een verlangen.<br>Een richting die zich nog niet volledig laat zien, maar wel voelbaar aanwezig is.<\/p>\n\n\n\n<p>Wat jou roept is niet toevallig, het vraagt om jou.<br>Om jouw lichaam, jouw kanaal, jouw bereidheid om te luisteren \u00e9n te handelen.<\/p>\n\n\n\n<p>Om vorm te geven aan jouw inspiratie zijn verschillende stappen nodig. Je wordt daarbij uitgenodigd om in je creatiekracht te gaan staan en verschillende kwaliteiten in jezelf te laten ontwaken, zodat wat door jou heen wil ontstaan daadwerkelijk geboren kan worden.<br>Een nieuwe versie van jezelf, een project, een onderneming.<\/p>\n\n\n\n<p>Deze stappen vragen om jouw groei! Om balans tussen gezonde mannelijke en gezonde vrouwelijke energie. De tijd van doorduwen op pure wilskracht is voorbij, duurzame veranderingen en duurzame projecten vragen om een gezonde balans.<\/p>\n\n\n\n<p>Wil jij weten hoe vrij jouw creatiestroom stroomt? De <strong>Creatiestroom Intensive<\/strong> laat je zien hoe open je staat voor het ontvangen \u00e9n vormgeven van jouw inspiratie, jouw dromen!<\/p>\n\n\n\n<p>Wanneer je ervoor kiest om je te committeren aan jouw inspiratie, kan dit uitgroeien tot iets groots! Jouw inspiratie, jouw dromen zijn bedoeld om ze waar te maken, om in die versie van jezelf te stappen die daadwerkelijk deze droom kan leven.<br>Je inspiratie zal je altijd uitdagen om te groeien tot buiten de kaders waarin je je nu begeeft, daar is het ook voor bedoelt. Durf je het aan?<\/p>\n\n\n\n<p>Wil je weten hoe vrij jouw creatiestroom stroomt?<\/p>\n\n\n\n<p>De&nbsp;<strong>Creatiestroom Intensive<\/strong>&nbsp;laat je zien waar jij in jouw creatieproces vastloopt en h\u00f3\u00e9 je dit kunt herstellen. Met de uitslag van de uitgebreide vragenlijst ontvang je een op maat gemaakt stappenplan om precies daar waar jij nu vastloopt weer in beweging te komen. <\/p>\n\n\n\n<p>Zodat jij meteen verder kunt met het vormgeven van jouw inspiratie en het waarmaken van jouw dromen. Van het ontvangen van inspiratie tot aan het daadwerkelijk zichtbaar maken van jouw creatie.<\/p>\n\n\n\n<p class=\"wp-container-content-0733e5d0\"><\/p>\n\n\n\n<div class=\"wp-block-group has-global-padding is-content-justification-left is-layout-constrained wp-container-core-group-is-layout-9fe8ed88 wp-block-group-is-layout-constrained\">\n<div class=\"wp-block-buttons is-layout-flex wp-block-buttons-is-layout-flex\">\n<div class=\"wp-block-button\"><a class=\"wp-block-button__link wp-element-button\" href=\"https:\/\/inzichtinbeweging.nl\/index.php\/creatiestroom-intensive\/%20\">Ja, ik doe de Creatiestroom Intensive<\/a><\/div>\n<\/div>\n<\/div>\n<\/div>\n<\/div>\n\n\n\n<div class=\"wp-block-column is-vertically-aligned-center is-layout-flow wp-block-column-is-layout-flow\" style=\"flex-basis:50%\">\n<figure class=\"wp-block-gallery has-nested-images columns-default is-cropped wp-block-gallery-2 is-layout-flex wp-block-gallery-is-layout-flex\">\n<figure class=\"wp-block-image size-full is-style-rounded is-style-rounded--1\"><img loading=\"lazy\" decoding=\"async\" width=\"709\" height=\"709\" data-id=\"128\" src=\"https:\/\/inzichtinbeweging.nl\/wp-content\/uploads\/2024\/02\/Maaike-boom-inzicht-in-beweging-klein.jpg\" alt=\"\" class=\"wp-image-128\" style=\"aspect-ratio:3\/4;object-fit:cover\" srcset=\"https:\/\/inzichtinbeweging.nl\/wp-content\/uploads\/2024\/02\/Maaike-boom-inzicht-in-beweging-klein.jpg 709w, https:\/\/inzichtinbeweging.nl\/wp-content\/uploads\/2024\/02\/Maaike-boom-inzicht-in-beweging-klein-300x300.jpg 300w, https:\/\/inzichtinbeweging.nl\/wp-content\/uploads\/2024\/02\/Maaike-boom-inzicht-in-beweging-klein-150x150.jpg 150w\" sizes=\"auto, (max-width: 709px) 100vw, 709px\" \/><\/figure>\n<\/figure>\n<\/div>\n<\/div>\n<\/div>\n\n\n\n<div class=\"wp-block-group alignfull has-base-background-color has-background has-global-padding is-layout-constrained wp-container-core-group-is-layout-d89aad35 wp-block-group-is-layout-constrained\" style=\"margin-top:0;margin-bottom:0;padding-top:var(--wp--preset--spacing--50);padding-right:var(--wp--preset--spacing--50);padding-bottom:var(--wp--preset--spacing--50);padding-left:var(--wp--preset--spacing--50)\">\n<div class=\"wp-block-columns alignwide is-layout-flex wp-container-core-columns-is-layout-549b0c86 wp-block-columns-is-layout-flex\">\n<div class=\"wp-block-column has-global-padding is-content-justification-left is-layout-constrained wp-container-core-column-is-layout-4f15e8fe wp-block-column-is-layout-constrained\" style=\"flex-basis:40%\">\n<p><em>\u201cEvery ending a beginning if you choose it\u2026<br>You can soothe it\u2026<br>If you choose it\u2026\u201d<\/em><\/p>\n\n\n\n<p>~Whispers; Ayla Nereo<\/p>\n<\/div>\n\n\n\n<div class=\"wp-block-column is-layout-flow wp-container-core-column-is-layout-119bc444 wp-block-column-is-layout-flow\" style=\"flex-basis:60%\">\n<p class=\"has-heading-font-family has-x-large-font-size\" style=\"line-height:1.2\">Jouw inspiratie is niet random. Het heeft jou nodig om tot leven te komen.<\/p>\n\n\n\n<div class=\"wp-block-columns is-layout-flex wp-container-core-columns-is-layout-87beb0d0 wp-block-columns-is-layout-flex\">\n<div class=\"wp-block-column is-layout-flow wp-block-column-is-layout-flow\">\n<p class=\"wp-container-content-9cfa9a5a\">Jouw inspiratie heeft jou nodig, net zo goed als dat jij jouw inspiratie nodig hebt. Zonder jou komt jouw inspiratie niet tot leven. En zonder inspiratie hoef jij niet tot leven te komen. Jullie hebben een onlosmakelijke relatie, dat is, als je die relatie aan wil gaan.<\/p>\n\n\n\n<p class=\"wp-container-content-9cfa9a5a\">Waar laat jij je door leiden? Neem je de tijd om stil te staan en te luisteren? Durf je jezelf te delen met de wereld? Durf je iets af te maken en zichtbaar te zijn?<\/p>\n\n\n\n<p>Ontdek door middel van de <strong>Creatiestroom Intensive<\/strong> hoe het gesteld is met jouw creatiekracht en waar jij stagneert bij het volgen van jouw inspiratie en het waarmaken van je dromen.<\/p>\n<\/div>\n<\/div>\n\n\n\n<div class=\"wp-block-buttons is-layout-flex wp-block-buttons-is-layout-flex\">\n<div class=\"wp-block-button\"><a class=\"wp-block-button__link wp-element-button\" href=\"https:\/\/inzichtinbeweging.nl\/index.php\/creatiestroom-intensive\/%20\">Ja, ik doe de Creatiestroom Intensive<\/a><\/div>\n<\/div>\n<\/div>\n<\/div>\n<\/div>\n\n\n\n<div class=\"wp-block-group alignfull has-accent-5-background-color has-background has-global-padding is-layout-constrained wp-container-core-group-is-layout-d89aad35 wp-block-group-is-layout-constrained\" style=\"margin-top:0;margin-bottom:0;padding-top:var(--wp--preset--spacing--50);padding-right:var(--wp--preset--spacing--50);padding-bottom:var(--wp--preset--spacing--50);padding-left:var(--wp--preset--spacing--50)\">\n<div class=\"wp-block-columns alignwide is-layout-flex wp-container-core-columns-is-layout-1da03c2a wp-block-columns-is-layout-flex\">\n<div class=\"wp-block-column is-vertically-aligned-center is-layout-flow wp-block-column-is-layout-flow\" style=\"flex-basis:60%\">\n<figure class=\"wp-block-image size-full is-style-rounded wp-duotone-unset-4 is-style-rounded--3\"><img loading=\"lazy\" decoding=\"async\" width=\"945\" height=\"1181\" src=\"https:\/\/inzichtinbeweging.nl\/wp-content\/uploads\/2025\/12\/32.jpg\" alt=\"\" class=\"wp-image-308\" style=\"aspect-ratio:4\/3;object-fit:cover\"\/><\/figure>\n<\/div>\n\n\n\n<div class=\"wp-block-column is-layout-flow wp-block-column-is-layout-flow\" style=\"flex-basis:40%\">\n<h2 class=\"wp-block-heading\">Kun je het horen?<br>Durf je in te stappen?<\/h2>\n\n\n\n<p>Echt luisteren vraagt om overgave aan het onbekende. Niks blijft voor altijd hetzelfde. Alles is aan verandering onderhevig. Wanneer we niet luisteren naar deze fluistering of schreeuw om verandering merken we het wel doordat het leven om ons heen begint af te brokkelen. Het is tijd voor verandering..<\/p>\n\n\n\n<div class=\"wp-block-buttons is-layout-flex wp-block-buttons-is-layout-flex\">\n<div class=\"wp-block-button\"><a class=\"wp-block-button__link wp-element-button\" href=\"https:\/\/inzichtinbeweging.nl\/index.php\/creatiestroom-intensive\/%20\">Laat mij zien hoe het gesteld is met mijn creatiestroom<\/a><\/div>\n<\/div>\n<\/div>\n<\/div>\n<\/div>\n\n\n\n<div class=\"wp-block-group alignfull has-base-color has-contrast-background-color has-text-color has-background has-link-color wp-elements-f3a4874df69cbce8bfcdd49a90736ddd has-global-padding is-layout-constrained wp-container-core-group-is-layout-d89aad35 wp-block-group-is-layout-constrained\" style=\"margin-top:0;margin-bottom:0;padding-top:var(--wp--preset--spacing--50);padding-right:var(--wp--preset--spacing--50);padding-bottom:var(--wp--preset--spacing--50);padding-left:var(--wp--preset--spacing--50)\">\n<h1 class=\"wp-block-heading alignwide has-base-color has-text-color has-link-color wp-elements-87dfc1418aea894931d3ffa1df5ff804\" style=\"font-size:clamp(4.509rem, 4.509rem + ((1vw - 0.2rem) * 9.152), 10rem);letter-spacing:-0.02em\">FAQ&#8217;s<\/h1>\n\n\n\n<p><\/p>\n\n\n\n<div class=\"wp-block-group alignwide is-layout-flow wp-block-group-is-layout-flow\">\n<hr class=\"wp-block-separator has-text-color has-base-color has-alpha-channel-opacity has-base-background-color has-background is-style-wide\"\/>\n\n\n\n<details class=\"wp-block-details is-style-arrow-icon-details has-medium-font-size is-layout-flow wp-block-details-is-layout-flow\" style=\"border-top-style:none;border-top-width:0px;border-right-style:none;border-right-width:0px;border-bottom-color:var(--wp--preset--color--base);border-bottom-style:solid;border-bottom-width:1px;border-left-style:none;border-left-width:0px;margin-top:0\"><summary>Waar is deze kennis op gebaseerd?<\/summary>\n<p class=\"has-contrast-1-color has-text-color has-link-color wp-elements-5d72c20f9af158e44982e24282dcd09c\">De Creatiestroom Intensive is niet ontstaan vanuit \u00e9\u00e9n methode of stroming, maar vanuit een samenkomst van wetenschap, verschillende tradities en inzichten die allemaal iets laten zien over hoe creatiekracht werkt.<\/p>\n\n\n\n<p>Vanuit de embryologie, waar nieuw leven zich via een vaste, intelligente opbouw ontvouwt.  Van een eerste impuls tot een volledig gevormd lichaam.<\/p>\n\n\n\n<p>Vanuit de Kabbalah en het Christendom, waarin schepping wordt gezien als een beweging van binnen naar buiten, in relatie tot iets dat groter is dan de mens zelf.<\/p>\n\n\n\n<p>Vanuit de Chinese geneeskunde en osteopathie, waar het <em>stillpoint<\/em> wordt gezien als het begin van nieuwe beweging. Nog v\u00f3\u00f3r yin en yang zich differenti\u00ebren.<\/p>\n\n\n\n<p>En vanuit systemisch werk en de polyvagaal theorie, die laten zien hoe veiligheid, verbinding en regulatie bepalen wat er in ons systeem kan openen, ontwikkelen en tot uitdrukking kan komen.<\/p>\n\n\n\n<p>Hoewel deze stromingen uit verschillende werelden komen, wijzen ze in essentie naar hetzelfde. Creatie ontstaat via een natuurlijke opbouw en kan alleen groeien wanneer volgorde en balans in orde zijn. Creatie ontstaat niet door wilskracht alleen, maar via een natuurlijke opbouw van impuls, naar vorm, naar belichaming.<br>Binnen de Creatiestroom Intensive en het programma <em>Becoming<\/em> komen deze lagen samen in een heldere, praktische en doorleefde structuur.<\/p>\n\n\n\n<hr class=\"wp-block-separator has-alpha-channel-opacity\"\/>\n\n\n\n<p><\/p>\n<\/details>\n\n\n\n<details class=\"wp-block-details is-style-arrow-icon-details has-medium-font-size is-layout-flow wp-block-details-is-layout-flow\" style=\"border-top-style:none;border-top-width:0px;border-right-style:none;border-right-width:0px;border-bottom-color:var(--wp--preset--color--base);border-bottom-style:solid;border-bottom-width:1px;border-left-style:none;border-left-width:0px;margin-top:0\"><summary>Wat is de Creatiestroom Intensive precies?<\/summary>\n<p class=\"has-contrast-1-color has-text-color has-link-color wp-elements-e93f86a86c889aeba1303b24bee7fe72\">De Creatiestroom Intensive is een verdiepende vragenlijst van veertig vragen met een op maat gemaakte mini-cursus die zichtbaar maakt waar jouw creatieproces op dit moment gestopt is met stromen en uitnodigt om daar weer in beweging te komen. Je krijgt dan ook inzicht in wat er speelt \u00e9n wat er nodig is om de stagnatie op te heffen.<\/p>\n\n\n\n<p><\/p>\n<\/details>\n\n\n\n<details class=\"wp-block-details is-style-arrow-icon-details has-medium-font-size is-layout-flow wp-block-details-is-layout-flow\" style=\"border-top-style:none;border-top-width:0px;border-right-style:none;border-right-width:0px;border-bottom-color:var(--wp--preset--color--base);border-bottom-style:solid;border-bottom-width:1px;border-left-style:none;border-left-width:0px;margin-top:0\"><summary>Voor wie is de Creatiestroom Intensive bedoeld?<\/summary>\n<p class=\"has-contrast-1-color has-text-color has-link-color wp-elements-4c2656f265e29690b41aa014dec3de04\">De Creatiestroom Intensive is voor mensen die voelen dat er iets in hen wil ontstaan, maar die:<\/p>\n\n\n\n<p>-vastlopen in twijfel of uitstel<\/p>\n\n\n\n<p>-niet meer genieten van het creatieproces<\/p>\n\n\n\n<p>-met goede moed beginnen, maar niks echt afmaken<\/p>\n\n\n\n<p>-wel idee\u00ebn hebben, maar niet in beweging kunnen komen<\/p>\n\n\n\n<p>-of juist helemaal geen inspiratie ervaren<\/p>\n\n\n\n<p><\/p>\n\n\n\n<p>Je hoeft geen ondernemer te zijn, het gaat om je capaciteit tot vernieuwing.<\/p>\n<\/details>\n\n\n\n<details class=\"wp-block-details is-style-arrow-icon-details has-medium-font-size is-layout-flow wp-block-details-is-layout-flow\" style=\"border-top-style:none;border-top-width:0px;border-right-style:none;border-right-width:0px;border-bottom-color:var(--wp--preset--color--base);border-bottom-style:solid;border-bottom-width:1px;border-left-style:none;border-left-width:0px;margin-top:0\"><summary>Is dit geschikt als ik al ondernemer ben?<\/summary>\n<p class=\"has-contrast-1-color has-text-color has-link-color wp-elements-9856bdd2ce21990f24eff5cf1d1cd827\">Ja, of je nu aan het begin staat of al langer bezig bent. Deze Intensive daagt je uit om je stagnatie te herkennen en hier niet in te blijven hangen, maar met de juiste aanwijzingen weer in beweging te komen.<\/p>\n\n\n\n<p><\/p>\n<\/details>\n\n\n\n<details class=\"wp-block-details is-style-arrow-icon-details has-medium-font-size is-layout-flow wp-block-details-is-layout-flow\" style=\"border-top-style:none;border-top-width:0px;border-right-style:none;border-right-width:0px;border-bottom-color:var(--wp--preset--color--base);border-bottom-style:solid;border-bottom-width:1px;border-left-style:none;border-left-width:0px;margin-top:0\"><summary>Wie zit er achter deze Creatiestroom Intensive?<\/summary>\n<p class=\"has-contrast-1-color has-text-color has-link-color wp-elements-770238709975b6013c5cbcbc1f4c96d6\">Maaike Remmerswaal van Inzicht in Beweging heeft deze samengesteld aan de hand van een jarenlange initiatie over scheppings- en creatiekracht. Vanuit haar praktijk van natuurgeneeskunde en lichaamsgerichte psychotherapie met de achtergrond in de osteopathie is dit een volgende stap om mensen te inspireren om dichter bij zichzelf te komen. <\/p>\n<\/details>\n\n\n\n<details class=\"wp-block-details is-style-arrow-icon-details has-medium-font-size is-layout-flow wp-block-details-is-layout-flow\" style=\"border-top-style:none;border-top-width:0px;border-right-style:none;border-right-width:0px;border-bottom-color:var(--wp--preset--color--base);border-bottom-style:solid;border-bottom-width:1px;border-left-style:none;border-left-width:0px;margin-top:0\"><summary>Wat kan ik met de uitslag van de Creatiestroom Intensive?<\/summary>\n<p class=\"has-contrast-1-color has-text-color has-link-color wp-elements-84d66e6f8c9a12ad57a54b2acfc4f5c5\">De Creatiestroom Intensive helpt je zichtbaar maken waar en waarom jouw creatieproces op dit moment vastloopt .<\/p>\n\n\n\n<p>Door de vragenlijst ontstaat er helderheid.<br>Je ziet wat er gebeurt en ook wat er nu nodig is om de beweging weer terug te laten komen. Dat voorkomt dat je langer dan nodig blijft hangen in twijfel, zelf-kastijding en stagnatie.<\/p>\n\n\n\n<p>Dat brengt zoveel rust! Je hoeft niet harder je best te doen, dat is zelden datgene wat werkelijk nodig is. <\/p>\n\n\n\n<p>Na het invullen ontvang je een mini-cursus die precies aansluit op jouw proces.<br>Deze nodigt je uit om weer in beweging te komen, juist op de plek waar je vastloopt.<\/p>\n\n\n\n<p>Je gaat merken dat:<\/p>\n\n\n\n<ul class=\"wp-block-list\">\n<li>keuzes helderder worden<\/li>\n\n\n\n<li>je minder blijft hangen in twijfel<\/li>\n\n\n\n<li>en dat er weer richting ontstaat<\/li>\n<\/ul>\n\n\n\n<p>Je hoeft het niet meer allemaal uit te zoeken.<br>Je weet wat je te doen hebt \u2014<br>en ook wat je mag laten.<\/p>\n\n\n\n<p class=\"has-contrast-1-color has-text-color has-link-color wp-elements-d20b3ccbac18169178b3701056552a0e\">En vanuit daar komt je creatiestroom weer op gang.<br>Niet door te forceren, maar omdat er weer ruimte ontstaat voor wat er door jou heen wil bewegen..<\/p>\n<\/details>\n\n\n\n<div style=\"margin-top:var(--wp--preset--spacing--10);margin-bottom:0;height:var(--wp--preset--spacing--10)\" aria-hidden=\"true\" class=\"wp-block-spacer\"><\/div>\n<\/div>\n<\/div>\n","protected":false},"excerpt":{"rendered":"<p>Voel je de roep? Iets dat jouw aandacht vraagt.Een idee, een droom, een verlangen.Een richting die zich nog niet volledig laat zien, maar wel voelbaar aanwezig is. Wat jou roept is niet toevallig, het vraagt om jou.Om jouw lichaam, jouw kanaal, jouw bereidheid om te luisteren \u00e9n te handelen. Om vorm te geven aan jouw [&hellip;]<\/p>\n","protected":false},"author":1,"featured_media":0,"parent":0,"menu_order":0,"comment_status":"closed","ping_status":"closed","template":"","meta":{"footnotes":""},"class_list":["post-416","page","type-page","status-publish","hentry"],"jetpack_sharing_enabled":true,"_links":{"self":[{"href":"https:\/\/inzichtinbeweging.nl\/index.php\/wp-json\/wp\/v2\/pages\/416","targetHints":{"allow":["GET"]}}],"collection":[{"href":"https:\/\/inzichtinbeweging.nl\/index.php\/wp-json\/wp\/v2\/pages"}],"about":[{"href":"https:\/\/inzichtinbeweging.nl\/index.php\/wp-json\/wp\/v2\/types\/page"}],"author":[{"embeddable":true,"href":"https:\/\/inzichtinbeweging.nl\/index.php\/wp-json\/wp\/v2\/users\/1"}],"replies":[{"embeddable":true,"href":"https:\/\/inzichtinbeweging.nl\/index.php\/wp-json\/wp\/v2\/comments?post=416"}],"version-history":[{"count":20,"href":"https:\/\/inzichtinbeweging.nl\/index.php\/wp-json\/wp\/v2\/pages\/416\/revisions"}],"predecessor-version":[{"id":514,"href":"https:\/\/inzichtinbeweging.nl\/index.php\/wp-json\/wp\/v2\/pages\/416\/revisions\/514"}],"wp:attachment":[{"href":"https:\/\/inzichtinbeweging.nl\/index.php\/wp-json\/wp\/v2\/media?parent=416"}],"curies":[{"name":"wp","href":"https:\/\/api.w.org\/{rel}","templated":true}]}}