{"id":37,"date":"2024-09-11T15:30:20","date_gmt":"2024-09-11T15:30:20","guid":{"rendered":"https:\/\/www.deepesthealing.com\/?page_id=37"},"modified":"2025-06-17T14:27:47","modified_gmt":"2025-06-17T13:27:47","slug":"tarieven-en-vergoedingen","status":"publish","type":"page","link":"https:\/\/inzichtinbeweging.nl\/index.php\/tarieven-en-vergoedingen\/","title":{"rendered":"Tarieven en vergoedingen"},"content":{"rendered":"\n<figure class=\"wp-block-image\"><img decoding=\"async\" src=\"https:\/\/kajabi-storefronts-production.kajabi-cdn.com\/kajabi-storefronts-production\/file-uploads\/themes\/2153842914\/settings_images\/d8012d0-ab7c-a307-df-8c1f414bb52_fd9694ce-9707-496f-bcb1-a9a867bd5a74.png\" alt=\"\"\/><\/figure>\n\n\n\n<h4 class=\"wp-block-heading\">Osteopathische technieken &amp; fysiotherapie<\/h4>\n\n\n\n<ul class=\"wp-block-list\">\n<li>Screening, intake en onderzoek \u20ac25<\/li>\n\n\n\n<li>Consult 45 min. \u20ac95<\/li>\n\n\n\n<li>Eerste consult (screening, intake en onderzoek &amp; consult) 45 min. \u20ac120<\/li>\n\n\n\n<li>Vervolgconsulten 45 min. \u20ac95<\/li>\n\n\n\n<li>Gedeeltelijke vergoeding voor 18+ mogelijk vanuit de aanvullende verzekering voor fysiotherapie<\/li>\n\n\n\n<li>Gedeeltelijke vergoeding voor 18- mogelijk vanuit de basisverzekering voor fysiotherapie.<br><\/li>\n<\/ul>\n\n\n\n<h4 class=\"wp-block-heading\">Natuurgeneeskunde &amp;&nbsp;<br>lichaamsgerichte (psycho)therapie&nbsp;<\/h4>\n\n\n\n<ul class=\"wp-block-list\">\n<li>Consult 45 min. \u20ac95<\/li>\n\n\n\n<li>Consult 20 min. \u20ac47,50<\/li>\n\n\n\n<li>Gedeeltelijke vergoeding mogelijk vanuit de aanvullende verzekering voor alternatieve (complementaire) geneeswijzen, bekijk de voorwaarden van je zorgverzekeraar.<\/li>\n\n\n\n<li>Aangesloten bij de BATC en KNAP<br><\/li>\n<\/ul>\n\n\n\n<h4 class=\"wp-block-heading\">Healing-ceremonies, workshops en trajecten<\/h4>\n\n\n\n<ul class=\"wp-block-list\">\n<li>Drie maanden traject met begeleiding, systemisch werk en integratie\n<ul class=\"wp-block-list\">\n<li>programma op afstemming<\/li>\n<\/ul>\n<\/li>\n\n\n\n<li>Verbonden Ademsessie\n<ul class=\"wp-block-list\">\n<li>\u00e9\u00e9n op\u00a0\u00e9\u00e9n 90 min\u00a0\u20ac140 <\/li>\n\n\n\n<li>Ademcirkel \u20ac40<\/li>\n<\/ul>\n<\/li>\n\n\n\n<li>Helende reis met psilocybine\n<ul class=\"wp-block-list\">\n<li>\u00e9\u00e9n&nbsp;op&nbsp;\u00e9\u00e9n overdag\n<ul class=\"wp-block-list\">\n<li>sliding scale<\/li>\n<\/ul>\n<\/li>\n\n\n\n<li>in een kleine groep met overnachting<\/li>\n<\/ul>\n<\/li>\n\n\n\n<li>Geen vergoeding vanuit de zorgverzekeraar.<\/li>\n<\/ul>\n\n\n\n<p><a href=\"https:\/\/www.inzichtinbeweging.nl\/\"><\/a><\/p>\n\n\n\n<div class=\"wp-block-buttons is-layout-flex wp-block-buttons-is-layout-flex\">\n<div class=\"wp-block-button is-style-outline is-style-outline--1\"><a class=\"wp-block-button__link wp-element-button\" href=\"https:\/\/www.supersaas.nl\/schedule\/Inzicht_in_Beweging\/InzichtInBeweging?day=30&amp;month=11&amp;view=agenda\">Meteen een afspraak inplannen<\/a><\/div>\n<\/div>\n","protected":false},"excerpt":{"rendered":"<p>Osteopathische technieken &amp; fysiotherapie Natuurgeneeskunde &amp;&nbsp;lichaamsgerichte (psycho)therapie&nbsp; Healing-ceremonies, workshops en trajecten<\/p>\n","protected":false},"author":1,"featured_media":0,"parent":0,"menu_order":0,"comment_status":"closed","ping_status":"closed","template":"","meta":{"footnotes":""},"class_list":["post-37","page","type-page","status-publish","hentry"],"jetpack_sharing_enabled":true,"_links":{"self":[{"href":"https:\/\/inzichtinbeweging.nl\/index.php\/wp-json\/wp\/v2\/pages\/37","targetHints":{"allow":["GET"]}}],"collection":[{"href":"https:\/\/inzichtinbeweging.nl\/index.php\/wp-json\/wp\/v2\/pages"}],"about":[{"href":"https:\/\/inzichtinbeweging.nl\/index.php\/wp-json\/wp\/v2\/types\/page"}],"author":[{"embeddable":true,"href":"https:\/\/inzichtinbeweging.nl\/index.php\/wp-json\/wp\/v2\/users\/1"}],"replies":[{"embeddable":true,"href":"https:\/\/inzichtinbeweging.nl\/index.php\/wp-json\/wp\/v2\/comments?post=37"}],"version-history":[{"count":5,"href":"https:\/\/inzichtinbeweging.nl\/index.php\/wp-json\/wp\/v2\/pages\/37\/revisions"}],"predecessor-version":[{"id":191,"href":"https:\/\/inzichtinbeweging.nl\/index.php\/wp-json\/wp\/v2\/pages\/37\/revisions\/191"}],"wp:attachment":[{"href":"https:\/\/inzichtinbeweging.nl\/index.php\/wp-json\/wp\/v2\/media?parent=37"}],"curies":[{"name":"wp","href":"https:\/\/api.w.org\/{rel}","templated":true}]}}