{"id":213,"date":"2025-11-18T01:46:03","date_gmt":"2025-11-18T00:46:03","guid":{"rendered":"https:\/\/inzichtinbeweging.nl\/?page_id=213"},"modified":"2025-11-30T05:53:59","modified_gmt":"2025-11-30T04:53:59","slug":"belichaamd-leven","status":"publish","type":"page","link":"https:\/\/inzichtinbeweging.nl\/index.php\/belichaamd-leven\/","title":{"rendered":"Belichaamd leven"},"content":{"rendered":"\n<p class=\"has-text-align-center\"><em>Een traject voor vrouwen die willen landen in hun lijf <\/em><br><em>en van daaruit hun waarheid willen leven.<\/em><\/p>\n\n\n\n<p>Leven vanuit het hoofd, altijd druk, een constante alertheid en het aanpassen aan de emoties van anderen.<br>Wat als het niet meer klopt en anders mag?<br>Niet door harder je best te doen en nog meer zelfinzicht, maar door de aanwezigheid in je lijf. Ook in relaties, ook wanneer het schuurt.<\/p>\n\n\n\n<div class=\"wp-block-media-text has-media-on-the-right is-stacked-on-mobile\"><div class=\"wp-block-media-text__content\">\n<p>In <em>Belichaamd Leven<\/em> leer je opnieuw luisteren. Je ontdekt dat je bij jezelf kunt blijven en jezelf niet hoeft te verlaten. Het is een terugkeer naar jezelf, waar emoties niet begrepen hoeven te worden, maar enkel een uitnodiging tot waarachtigheid, expansie en plezier met zich meebrengen.<\/p>\n<\/div><figure class=\"wp-block-media-text__media\"><img loading=\"lazy\" decoding=\"async\" width=\"1450\" height=\"1412\" src=\"https:\/\/inzichtinbeweging.nl\/wp-content\/uploads\/2025\/11\/Screenshot-2025-11-15-at-17.40.18.png\" alt=\"\" class=\"wp-image-214 size-full\"\/><\/figure><\/div>\n\n\n\n<p>In plaats van terug te trekken, te pleasen of harder te werken kiezen voor aanwezig blijven in het lichaam. Met alles wat daar gebeurt. Zodat je onder die lagen weer meer thuis kunt komen. Bij jouw anker in jezelf, bij jouw helderheid. Want daar, precies daar, ontstaat ruimte voor jezelf. Voor  inspiratie en nieuw leven.<br><\/p>\n\n\n\n<p><strong>Wanneer een jas niet meer past<br><\/strong>Misschien voel je het al maanden. Misschien al jaren. Dat iets in jou niet meer mee kan in het tempo van je hoofd.<br>Of dat je lichaam iets anders verlangt dan wat je agenda van je vraagt.<br>Dat je ergens onderweg bent kwijtgeraakt hoe het eigenlijk voelt om jezelf te zijn.<\/p>\n\n\n\n<p>Soms voelt het alsof je een jas draagt die je al lang niet meer past, waardoor   jezelf net genoeg verdooft om maar door te kunnen. Maar diep vanbinnen weet je dat het tijd is om terug te keren naar je lichaam. Niet nog harder werken, maar thuiskomen.<\/p>\n\n\n\n<p>Veel vrouwen leven boven in hun lijf. In controle, spanning en overleving. De buik en het bekken blijven daarbij onbewoond. Dit weerspiegelt zich in de spanning in hun lichaam, in de intimiteit met hun partner en vaak in het gedrag en de gezondheid van hun kinderen.<\/p>\n\n\n\n<p>In <em>Belichaamd Leven <\/em>herstellen we die bedding, zodat je gedragen wordt door je eigen lichaam. De relatie met je moederlijn, de aarde in jezelf. Wanneer je bedding hebt in jezelf, verandert contact. Je hoeft niet meer te scannen, te pleasen, te controleren. Je blijft bij jezelf terwijl je verbindt.<\/p>\n\n\n\n<p><\/p>\n\n\n\n<p><strong>Vaderlijn en moederlijn<br><\/strong>Waar de moederlijn je grond is, is de vaderlijn je richting. <br>De vaderlijn geeft toegang tot je helderheid, inspiratie, richting.<br>Waar de moederlijn je laat landen, laat de vaderlijn je opstaan.<\/p>\n\n\n\n<p>De vaderwond waar veel vrouwen mee worstelen maakt dat zichtbaarheid, gaan staan voor de eigen waarheid en keuzes maken moeilijk is.<\/p>\n\n\n\n<p>In <em>Belichaamd Leven<\/em> herstellen we beide stromen:<\/p>\n\n\n\n<ul class=\"wp-block-list\">\n<li>grond \u00e9n richting<\/li>\n\n\n\n<li>veiligheid \u00e9n helderheid<\/li>\n\n\n\n<li>zachtheid \u00e9n kracht<\/li>\n<\/ul>\n\n\n\n<p>En precies daartussen leef jij. Vanuit jouw midden, jouw waarheid.<br><\/p>\n\n\n\n<p><strong>De belofte van Belichaamd Leven.<br><\/strong>Je leert thuiskomen in je lijf, jezelf dragen en laten dragen, veilig zijn in contact en je waarheid te leven. Je ontdekt een fundament in je lichaam waarop je jouw leven verder kan opbouwen.<br><\/p>\n\n\n\n<div class=\"wp-block-columns is-layout-flex wp-container-core-columns-is-layout-28f84493 wp-block-columns-is-layout-flex\">\n<div class=\"wp-block-column is-layout-flow wp-block-column-is-layout-flow\" style=\"flex-basis:100%\">\n<div class=\"wp-block-buttons is-layout-flex wp-block-buttons-is-layout-flex\">\n<div class=\"wp-block-button is-style-outline is-style-outline--1\"><a class=\"wp-block-button__link wp-element-button\" href=\"https:\/\/www.supersaas.nl\/schedule\/Inzicht_in_Beweging\/Belafspraak\">Vraag je je af of dit bij je past? Plan een belafspraak in.<\/a><\/div>\n\n\n\n<div class=\"wp-block-button is-style-fill\"><a class=\"wp-block-button__link wp-element-button\" href=\"https:\/\/www.chipta.com\/nl\/tickets\/event\/78866\/belichaamd-leven\/event-info\/\">Ja, ik meld me aan<\/a><\/div>\n<\/div>\n<\/div>\n<\/div>\n\n\n\n<p><\/p>\n\n\n\n<p><strong>Praktische informatie<\/strong><br><em>Ritme<\/em><br>Elke <em>3 weken,<\/em> op <em>donderdagen<\/em>, van <em>9:30 \u2013 14:00.<\/em><br>&nbsp;8 januari, 29 januari, 19 februari, 12 maart, 2 april, 23 april, 14 mei en 4 juni<br><br><em>Locatie<\/em><strong><br><\/strong>De Yurt en het bos op Schouteveld, Schouteveld 1 in Gilze<br><br><em>Groepsgrootte<br><\/em>Maximaal<strong> <\/strong><em>8 vrouwen<\/em><\/p>\n\n\n\n<p><em>In het traject houden we ons onder andere bezig met<br><\/em>Systeemopstellingen, het medicijnwiel, bekken- en baarmoedermassage, verbonden ademhaling, plantmedicijn Blue Lotus, cirkelwerk, rage &amp; nourishment, lichaamswerk, Theta-healing,<\/p>\n\n\n\n<p><strong>Investering<\/strong><br><em>Reguliere prijs<br><\/em>\u20ac 1.395<\/p>\n\n\n\n<p><em>Early Bird<br><\/em>\u20ac 1.195<br>Voor de eerste 5 vrouwen \u00f3f bij aanmelding v\u00f3\u00f3r <strong>1 december<\/strong>.<\/p>\n\n\n\n<div class=\"wp-block-buttons is-layout-flex wp-block-buttons-is-layout-flex\">\n<div class=\"wp-block-button is-style-outline is-style-outline--2\"><a class=\"wp-block-button__link wp-element-button\" href=\"https:\/\/www.supersaas.nl\/schedule\/Inzicht_in_Beweging\/Belafspraak\">Heb je nog vragen?  Plan een belafspraak als volgende ontmoeting.<\/a><\/div>\n\n\n\n<div class=\"wp-block-button is-style-fill\"><a class=\"wp-block-button__link wp-element-button\" href=\"https:\/\/www.chipta.com\/nl\/tickets\/event\/78866\/belichaamd-leven\/event-info\/\">Ja, ik meld me aan<\/a><\/div>\n<\/div>\n\n\n\n<p><em>Betaalplan mogelijk<br><\/em>3 termijnen van \u20ac 420 of \u20ac 490.<br>Informeer daarvoor naar de mogelijkheden.<\/p>\n\n\n\n<p><strong>Extra voor deelnemers: 30% korting op 1-op-1 sessies<\/strong><br>Tijdens het traject kun je <em>1-op-1 sessies bijboeken<\/em> tegen <em>30% korting<\/em>.<\/p>\n\n\n\n<p>Dit kan onder andere zijn voor:<\/p>\n\n\n\n<ul class=\"wp-block-list\">\n<li>lichaamsgerichte osteopatische (psycho)therapie <\/li>\n\n\n\n<li>Verbonden Ademhaling <\/li>\n\n\n\n<li>systeemopstelling&nbsp;<\/li>\n\n\n\n<li>cranio-sacraal therapie<\/li>\n\n\n\n<li>natuurgeneeskunde<\/li>\n\n\n\n<li>Theta-healing&nbsp;<\/li>\n\n\n\n<li>integratie na een intense bijeenkomst<\/li>\n<\/ul>\n\n\n\n<p>De korting geldt <strong>gedurende de volledige looptijd<\/strong> van het traject.<\/p>\n\n\n\n<p><\/p>\n\n\n\n<p><\/p>\n\n\n\n<p><a href=\"https:\/\/inzichtinbeweging.nl\/index.php\/annuleringsvoorwaarden-belichaamd-leven\/\">Annuleringsvoorwaarden<\/a><\/p>\n","protected":false},"excerpt":{"rendered":"<p>Een traject voor vrouwen die willen landen in hun lijf en van daaruit hun waarheid willen leven. Leven vanuit het hoofd, altijd druk, een constante alertheid en het aanpassen aan de emoties van anderen.Wat als het niet meer klopt en anders mag?Niet door harder je best te doen en nog meer zelfinzicht, maar door de [&hellip;]<\/p>\n","protected":false},"author":1,"featured_media":0,"parent":0,"menu_order":0,"comment_status":"closed","ping_status":"closed","template":"","meta":{"footnotes":""},"class_list":["post-213","page","type-page","status-publish","hentry"],"jetpack_sharing_enabled":true,"_links":{"self":[{"href":"https:\/\/inzichtinbeweging.nl\/index.php\/wp-json\/wp\/v2\/pages\/213","targetHints":{"allow":["GET"]}}],"collection":[{"href":"https:\/\/inzichtinbeweging.nl\/index.php\/wp-json\/wp\/v2\/pages"}],"about":[{"href":"https:\/\/inzichtinbeweging.nl\/index.php\/wp-json\/wp\/v2\/types\/page"}],"author":[{"embeddable":true,"href":"https:\/\/inzichtinbeweging.nl\/index.php\/wp-json\/wp\/v2\/users\/1"}],"replies":[{"embeddable":true,"href":"https:\/\/inzichtinbeweging.nl\/index.php\/wp-json\/wp\/v2\/comments?post=213"}],"version-history":[{"count":5,"href":"https:\/\/inzichtinbeweging.nl\/index.php\/wp-json\/wp\/v2\/pages\/213\/revisions"}],"predecessor-version":[{"id":244,"href":"https:\/\/inzichtinbeweging.nl\/index.php\/wp-json\/wp\/v2\/pages\/213\/revisions\/244"}],"wp:attachment":[{"href":"https:\/\/inzichtinbeweging.nl\/index.php\/wp-json\/wp\/v2\/media?parent=213"}],"curies":[{"name":"wp","href":"https:\/\/api.w.org\/{rel}","templated":true}]}}